{"id":375,"date":"2025-11-15T00:24:55","date_gmt":"2025-11-15T08:24:55","guid":{"rendered":"https:\/\/www.armoniavalle.com\/?page_id=375"},"modified":"2025-11-19T18:57:44","modified_gmt":"2025-11-20T02:57:44","slug":"spa-policies","status":"publish","type":"page","link":"https:\/\/armoniaspaensenada.com\/es\/spa-policies\/","title":{"rendered":"Pol\u00edticas del Spa"},"content":{"rendered":"<div data-elementor-type=\"wp-page\" data-elementor-id=\"375\" class=\"elementor elementor-375\">\n\t\t\t\t\t\t<section class=\"elementor-section elementor-top-section elementor-element elementor-element-3b654f7 elementor-section-boxed elementor-section-height-default elementor-section-height-default\" data-id=\"3b654f7\" data-element_type=\"section\" data-e-type=\"section\" data-settings=\"{&quot;jet_parallax_layout_list&quot;:[]}\">\n\t\t\t\t\t\t<div class=\"elementor-container elementor-column-gap-default\">\n\t\t\t\t\t<div class=\"elementor-column elementor-col-100 elementor-top-column elementor-element elementor-element-0095f2f\" data-id=\"0095f2f\" data-element_type=\"column\" data-e-type=\"column\">\n\t\t\t<div class=\"elementor-widget-wrap elementor-element-populated\">\n\t\t\t\t\t\t<div class=\"elementor-element elementor-element-25be990 elementor-widget elementor-widget-text-editor\" data-id=\"25be990\" data-element_type=\"widget\" data-e-type=\"widget\" data-widget_type=\"text-editor.default\">\n\t\t\t\t<div class=\"elementor-widget-container\">\n\t\t\t\t\t\t\t\t\t<h1 data-start=\"470\" data-end=\"488\"><span style=\"color: #415e4d;\"><strong data-start=\"472\" data-end=\"488\">Pol\u00edticas del Spa<\/strong><\/span><\/h1><p data-start=\"490\" data-end=\"724\">Para asegurar que cada hu\u00e9sped disfrute una experiencia tranquila y fluida, te pedimos revisar las siguientes pol\u00edticas antes de reservar.\nEstas pautas nos permiten ofrecer un servicio de alta calidad y respetar el tiempo tanto de nuestros terapeutas como de nuestros clientes.<\/p><h1 data-start=\"470\" data-end=\"488\">clien<\/h1><hr data-start=\"726\" data-end=\"729\" \/><h4><strong data-start=\"734\" data-end=\"775\">1. Reservaciones y Requisitos de Cita<\/strong><\/h4><ul data-start=\"778\" data-end=\"1133\"><li data-start=\"778\" data-end=\"840\"><p data-start=\"780\" data-end=\"840\">Se recomienda reservar con <strong data-start=\"792\" data-end=\"823\">al menos 4 horas<\/strong> de anticipaci\u00f3n.<\/p><\/li><li data-start=\"841\" data-end=\"905\"><p data-start=\"843\" data-end=\"905\">Las citas el mismo d\u00eda dependen de la disponibilidad del terapeuta.<\/p><\/li><li data-start=\"906\" data-end=\"1046\"><p data-start=\"908\" data-end=\"1046\">Un tel\u00e9fono v\u00e1lido y la direcci\u00f3n exacta dentro <strong data-start=\"953\" data-end=\"1002\">de Valle de Guadalupe \/ Ensenada \/ Ruta del Vino<\/strong> para confirmar tu cita es requirido.<\/p><\/li><li data-start=\"1047\" data-end=\"1133\"><p data-start=\"1049\" data-end=\"1133\">Para rituales en pareja o experiencias VIP, aseg\u00farate de contar con espacio suficiente para <strong data-start=\"1112\" data-end=\"1132\">dos camillas.<\/strong>.<\/p><\/li><\/ul><hr data-start=\"1135\" data-end=\"1138\" \/><h4><strong data-start=\"1143\" data-end=\"1167\">2. Traslado y Ubicaci\u00f3n<\/strong><\/h4><p data-start=\"1170\" data-end=\"1228\">Armon\u00eda Valle es un <strong data-start=\"1189\" data-end=\"1211\">servicio de spa movil<\/strong>.<br data-start=\"1212\" data-end=\"1215\" \/>Viajamos a:<\/p><ul data-start=\"1230\" data-end=\"1343\"><li data-start=\"1230\" data-end=\"1252\"><p data-start=\"1232\" data-end=\"1252\">Valle de Guadalupe<\/p><\/li><li data-start=\"1253\" data-end=\"1280\"><p data-start=\"1255\" data-end=\"1280\">Ensenada (\u00e1reas seleccionadas)<\/p><\/li><li data-start=\"1281\" data-end=\"1298\"><p data-start=\"1283\" data-end=\"1298\">Ruta del Vino<\/p><\/li><li data-start=\"1299\" data-end=\"1343\"><p data-start=\"1301\" data-end=\"1343\">Villas privadas, caba\u00f1as, hoteles y alojamientos de Airbnb<\/p><\/li><\/ul><hr data-start=\"1425\" data-end=\"1428\" \/><h4><strong data-start=\"1433\" data-end=\"1471\">3. Preparaci\u00f3n Antes de la Sesi\u00f3n<\/strong><\/h4><p data-start=\"1474\" data-end=\"1504\">Para garantizar una experiencia sin contratiempos:<\/p><ul data-start=\"1506\" data-end=\"1870\"><li data-start=\"1506\" data-end=\"1569\"><p data-start=\"1508\" data-end=\"1569\">Por favor, perm\u00edtanos espacio para la(s) camilla(s) de masaje y el equipo.<\/p><\/li><li data-start=\"1570\" data-end=\"1667\"><p data-start=\"1572\" data-end=\"1667\">Si el tratamiento se va a realizar al aire libre, aseg\u00farese de que la zona est\u00e9 limpia, a la sombra y libre de vientos fuertes.<\/p><\/li><li data-start=\"1668\" data-end=\"1726\"><p data-start=\"1670\" data-end=\"1726\">Se agradecer\u00eda un ba\u00f1o o una peque\u00f1a zona para lavarse las manos.<\/p><\/li><li data-start=\"1790\" data-end=\"1870\"><p data-start=\"1792\" data-end=\"1870\">Para los tratamientos faciales, por favor llegue con la cara limpia o prevea tiempo para retirar el maquillaje.<\/p><\/li><\/ul><hr data-start=\"1872\" data-end=\"1875\" \/><h4><strong data-start=\"1880\" data-end=\"1910\">4. Cancelaciones y Cambios<\/strong><\/h4><p data-start=\"1913\" data-end=\"1984\">Entendemos que los planes pueden cambiar.<br data-start=\"1949\" data-end=\"1952\" \/>Para respetar el tiempo de nuestro terapeuta:<\/p><ul data-start=\"1986\" data-end=\"2374\"><li data-start=\"1986\" data-end=\"2072\"><p data-start=\"1988\" data-end=\"2072\">Cancelaciones realizadas <strong data-start=\"2007\" data-end=\"2027\">12 horas o m\u00e1s<\/strong> las consultas previas a la cita son gratuitas.<\/p><\/li><li data-start=\"2073\" data-end=\"2157\"><p data-start=\"2075\" data-end=\"2157\">Cancelaciones realizadas <strong data-start=\"2094\" data-end=\"2112\">menos de 12 horas<\/strong> puede incurrir en una tarifa de <strong data-start=\"2132\" data-end=\"2154\">50% del servicio<\/strong>.<\/p><\/li><li data-start=\"2158\" data-end=\"2255\"><p data-start=\"2160\" data-end=\"2255\">Las ausencias o cancelaciones de \u00faltima hora (con menos de 2 horas de antelaci\u00f3n) pueden conllevar cargos. <strong data-start=\"2229\" data-end=\"2252\">100% del servicio<\/strong>.<\/p><\/li><li data-start=\"2256\" data-end=\"2374\"><p data-start=\"2258\" data-end=\"2374\">Si va a llegar tarde, por favor av\u00edsenos lo antes posible. La duraci\u00f3n de la sesi\u00f3n puede ajustarse seg\u00fan la disponibilidad.<\/p><\/li><\/ul><hr data-start=\"2376\" data-end=\"2379\" \/><h4><strong data-start=\"2384\" data-end=\"2406\">5. Salud y Seguridad<\/strong><\/h4><p data-start=\"2409\" data-end=\"2441\">Tu bienestar es nuestra prioridad.<\/p><p data-start=\"2443\" data-end=\"2489\">Por favor, evite programar una sesi\u00f3n si tiene:<\/p><ul data-start=\"2491\" data-end=\"2631\"><li data-start=\"2491\" data-end=\"2500\"><p data-start=\"2493\" data-end=\"2500\">Fiebre<\/p><\/li><li data-start=\"2501\" data-end=\"2520\"><p data-start=\"2503\" data-end=\"2520\">Infecciones de la piel<\/p><\/li><li data-start=\"2521\" data-end=\"2546\"><p data-start=\"2523\" data-end=\"2546\">Condiciones contagiosas<\/p><\/li><li data-start=\"2547\" data-end=\"2592\"><p data-start=\"2549\" data-end=\"2592\">Cirug\u00edas recientes sin autorizaci\u00f3n m\u00e9dica<\/p><\/li><li data-start=\"2593\" data-end=\"2631\"><p data-start=\"2595\" data-end=\"2631\">Quemadura solar grave en la zona tratada<\/p><\/li><\/ul><p data-start=\"2633\" data-end=\"2692\">Si aparecen s\u00edntomas despu\u00e9s de la reserva, p\u00f3ngase en contacto con nosotros para reprogramarla.<\/p><p data-start=\"2694\" data-end=\"2768\">Los terapeutas pueden negarse a prestar el servicio si las condiciones son inseguras o est\u00e1n contraindicadas.<\/p><hr data-start=\"2770\" data-end=\"2773\" \/><h4><strong data-start=\"2778\" data-end=\"2793\">6. Pagos<\/strong><\/h4><p data-start=\"2796\" data-end=\"2806\">Aceptamos:<\/p><ul data-start=\"2808\" data-end=\"2980\"><li data-start=\"2808\" data-end=\"2828\"><p data-start=\"2810\" data-end=\"2828\">Efectivo (MXN \/ USD)<\/p><\/li><li data-start=\"2829\" data-end=\"2846\"><p data-start=\"2831\" data-end=\"2846\">Transferencia bancaria<\/p><\/li><li data-start=\"2829\" data-end=\"2846\">Tarjetas de cr\u00e9dito y d\u00e9bito<\/li><li data-start=\"2847\" data-end=\"2905\"><p data-start=\"2849\" data-end=\"2905\">Es posible que se requiera un dep\u00f3sito por adelantado para las experiencias VIP.<\/p><\/li><li data-start=\"2906\" data-end=\"2980\"><p data-start=\"2908\" data-end=\"2980\">El pago debe completarse <strong data-start=\"2934\" data-end=\"2965\">antes o inmediatamente despu\u00e9s<\/strong> de tu sesi\u00f3n.<\/p><\/li><\/ul><hr data-start=\"2982\" data-end=\"2985\" \/><h4><strong data-start=\"2990\" data-end=\"3017\">7. VIP y Configuraciones Especiales<\/strong><\/h4><p data-start=\"3020\" data-end=\"3064\">Para ambientes rom\u00e1nticos o decoraciones de cumplea\u00f1os:<\/p><ul data-start=\"3066\" data-end=\"3272\"><li data-start=\"3066\" data-end=\"3161\"><p data-start=\"3068\" data-end=\"3161\">Un <strong data-start=\"3070\" data-end=\"3081\">dep\u00f3sito del 30%<\/strong> es necesario reservar los materiales (p\u00e9talos, velas, vino, globos, etc.).<\/p><\/li><li data-start=\"3162\" data-end=\"3213\"><p data-start=\"3164\" data-end=\"3213\">Las configuraciones requieren <strong data-start=\"3179\" data-end=\"3210\">tiempo de preparaci\u00f3n adicional<\/strong>.<\/p><\/li><li data-start=\"3214\" data-end=\"3272\"><p data-start=\"3216\" data-end=\"3272\">La decoraci\u00f3n puede variar ligeramente seg\u00fan la disponibilidad.<\/p><\/li><\/ul><hr data-start=\"3274\" data-end=\"3277\" \/><h4><strong data-start=\"3282\" data-end=\"3306\">8. Privacidad y Comodidad<\/strong><\/h4><p data-start=\"3309\" data-end=\"3441\">Tu comodidad importa.<br data-start=\"3330\" data-end=\"3333\" \/>Estar\u00e1s debidamente cubierto\/a en todo momento.<br data-start=\"3374\" data-end=\"3377\" \/>Toda la informaci\u00f3n y comunicaciones personales se mantienen confidenciales.<\/p><hr data-start=\"3443\" data-end=\"3446\" \/><h4><strong data-start=\"3451\" data-end=\"3481\">9. Pol\u00edtica de Seguridad del Terapeuta<\/strong><\/h4><p data-start=\"3484\" data-end=\"3506\">Por la seguridad de todos:<\/p><ul data-start=\"3508\" data-end=\"3684\"><li data-start=\"3508\" data-end=\"3597\"><p data-start=\"3510\" data-end=\"3597\">El acoso o el comportamiento inapropiado conllevar\u00e1n la rescisi\u00f3n inmediata del servicio.<\/p><\/li><li data-start=\"3598\" data-end=\"3640\"><p data-start=\"3600\" data-end=\"3640\">Se seguir\u00e1 aplicando la tarifa completa por el servicio.<\/p><\/li><li data-start=\"3641\" data-end=\"3684\"><p data-start=\"3643\" data-end=\"3684\">No se aceptar\u00e1n citas futuras.<\/p><\/li><\/ul><hr data-start=\"3686\" data-end=\"3689\" \/><h4><strong data-start=\"3694\" data-end=\"3728\">10. El Clima y Actividades al Aire Libre<\/strong><\/h4><p data-start=\"3731\" data-end=\"3759\">Si tu sesi\u00f3n es al aire libre:<\/p><ul data-start=\"3761\" data-end=\"3903\"><li data-start=\"3761\" data-end=\"3826\"><p data-start=\"3763\" data-end=\"3826\">Las condiciones de clima deben ser adecuadas (sombra, sin lluvia, sin viento fuerte).<\/p><\/li><li data-start=\"3827\" data-end=\"3903\"><p data-start=\"3829\" data-end=\"3903\">Si las condiciones no son seguras, podr\u00edamos recomendar trasladarnos al interior o reprogramar la cita.<\/p><\/li><\/ul><hr data-start=\"3905\" data-end=\"3908\" \/><h4><strong data-start=\"3913\" data-end=\"3938\">11. Certificados de Regalo<\/strong><\/h4><p data-start=\"3941\" data-end=\"4048\">Se pueden solicitar tarjetas regalo.<br data-start=\"3986\" data-end=\"3989\" \/>Deben ser utilizadas dentro <strong data-start=\"4014\" data-end=\"4026\">6 meses<\/strong> de la fecha de compra.<\/p><hr data-start=\"4050\" data-end=\"4053\" \/><h4><strong data-start=\"4058\" data-end=\"4085\">12. Informaci\u00f3n de Contacto<\/strong><\/h4><p data-start=\"4088\" data-end=\"4122\">Para preguntas o solicitudes especiales:<\/p><p data-start=\"4124\" data-end=\"4255\"><strong data-start=\"4124\" data-end=\"4137\">WhatsApp:<\/strong> <a class=\"decorated-link cursor-pointer\" href=\"https:\/\/wa.me\/5216465139201\" target=\"_new\" rel=\"noopener\" data-start=\"4138\" data-end=\"4165\">https:\/\/wa.me\/526466139201<\/a><\/p>\t\t\t\t\t\t\t\t<\/div>\n\t\t\t\t<\/div>\n\t\t\t\t\t<\/div>\n\t\t<\/div>\n\t\t\t\t\t<\/div>\n\t\t<\/section>\n\t\t\t\t<\/div>","protected":false},"excerpt":{"rendered":"<p>Spa Policies To ensure every guest enjoys a peaceful and seamless experience, please review the following policies before booking. These guidelines help us provide a high-quality service and respect the time of both our therapists and our clients. clien 1. Booking &amp; Appointment Requirements Please book at least 4 hours in advance when possible. Same-day [&hellip;]<\/p>\n","protected":false},"author":2,"featured_media":0,"parent":0,"menu_order":0,"comment_status":"closed","ping_status":"closed","template":"","meta":{"_acf_changed":false,"footnotes":""},"class_list":["post-375","page","type-page","status-publish","hentry"],"acf":[],"yoast_head":"<!-- This site is optimized with the Yoast SEO plugin v27.5 - https:\/\/yoast.com\/product\/yoast-seo-wordpress\/ -->\n<title>Spa Policies | Armon\u00eda Valle Mobile Spa in Valle de Guadalupe<\/title>\n<meta name=\"description\" content=\"Clear spa policies for booking, cancellations, payments, and wellness guidelines at Armon\u00eda Valle. Mobile spa services in Valle de Guadalupe.\" \/>\n<meta name=\"robots\" content=\"index, follow, max-snippet:-1, max-image-preview:large, max-video-preview:-1\" \/>\n<link rel=\"canonical\" href=\"https:\/\/armoniaspaensenada.com\/es\/spa-policies\/\" \/>\n<meta property=\"og:locale\" content=\"es_MX\" \/>\n<meta property=\"og:type\" content=\"article\" \/>\n<meta property=\"og:title\" content=\"Spa Policies | Armon\u00eda Valle Mobile Spa in Valle de Guadalupe\" \/>\n<meta property=\"og:description\" content=\"Clear spa policies for booking, cancellations, payments, and wellness guidelines at Armon\u00eda Valle. Mobile spa services in Valle de Guadalupe.\" \/>\n<meta property=\"og:url\" content=\"https:\/\/armoniaspaensenada.com\/es\/spa-policies\/\" \/>\n<meta property=\"og:site_name\" content=\"Armonia Valle Spa\" \/>\n<meta property=\"article:modified_time\" content=\"2025-11-20T02:57:44+00:00\" \/>\n<meta name=\"twitter:card\" content=\"summary_large_image\" \/>\n<script type=\"application\/ld+json\" class=\"yoast-schema-graph\">{\"@context\":\"https:\\\/\\\/schema.org\",\"@graph\":[{\"@type\":\"WebPage\",\"@id\":\"https:\\\/\\\/armoniaspaensenada.com\\\/spa-policies\\\/\",\"url\":\"https:\\\/\\\/armoniaspaensenada.com\\\/spa-policies\\\/\",\"name\":\"Spa Policies | Armon\u00eda Valle Mobile Spa in Valle de Guadalupe\",\"isPartOf\":{\"@id\":\"https:\\\/\\\/armoniaspaensenada.com\\\/#website\"},\"datePublished\":\"2025-11-15T08:24:55+00:00\",\"dateModified\":\"2025-11-20T02:57:44+00:00\",\"description\":\"Clear spa policies for booking, cancellations, payments, and wellness guidelines at Armon\u00eda Valle. Mobile spa services in Valle de Guadalupe.\",\"breadcrumb\":{\"@id\":\"https:\\\/\\\/armoniaspaensenada.com\\\/spa-policies\\\/#breadcrumb\"},\"inLanguage\":\"es\",\"potentialAction\":[{\"@type\":\"ReadAction\",\"target\":[\"https:\\\/\\\/armoniaspaensenada.com\\\/spa-policies\\\/\"]}]},{\"@type\":\"BreadcrumbList\",\"@id\":\"https:\\\/\\\/armoniaspaensenada.com\\\/spa-policies\\\/#breadcrumb\",\"itemListElement\":[{\"@type\":\"ListItem\",\"position\":1,\"name\":\"Home\",\"item\":\"https:\\\/\\\/armoniaspaensenada.com\\\/\"},{\"@type\":\"ListItem\",\"position\":2,\"name\":\"Spa Policies\"}]},{\"@type\":\"WebSite\",\"@id\":\"https:\\\/\\\/armoniaspaensenada.com\\\/#website\",\"url\":\"https:\\\/\\\/armoniaspaensenada.com\\\/\",\"name\":\"Armonia Valle Spa\",\"description\":\"Harmony in Valle \u2014 Mobile Spa &amp; Massage\",\"potentialAction\":[{\"@type\":\"SearchAction\",\"target\":{\"@type\":\"EntryPoint\",\"urlTemplate\":\"https:\\\/\\\/armoniaspaensenada.com\\\/?s={search_term_string}\"},\"query-input\":{\"@type\":\"PropertyValueSpecification\",\"valueRequired\":true,\"valueName\":\"search_term_string\"}}],\"inLanguage\":\"es\"}]}<\/script>\n<!-- \/ Yoast SEO plugin. -->","yoast_head_json":{"title":"Spa Policies | Armon\u00eda Valle Mobile Spa in Valle de Guadalupe","description":"Clear spa policies for booking, cancellations, payments, and wellness guidelines at Armon\u00eda Valle. Mobile spa services in Valle de Guadalupe.","robots":{"index":"index","follow":"follow","max-snippet":"max-snippet:-1","max-image-preview":"max-image-preview:large","max-video-preview":"max-video-preview:-1"},"canonical":"https:\/\/armoniaspaensenada.com\/es\/spa-policies\/","og_locale":"es_MX","og_type":"article","og_title":"Spa Policies | Armon\u00eda Valle Mobile Spa in Valle de Guadalupe","og_description":"Clear spa policies for booking, cancellations, payments, and wellness guidelines at Armon\u00eda Valle. Mobile spa services in Valle de Guadalupe.","og_url":"https:\/\/armoniaspaensenada.com\/es\/spa-policies\/","og_site_name":"Armonia Valle Spa","article_modified_time":"2025-11-20T02:57:44+00:00","twitter_card":"summary_large_image","schema":{"@context":"https:\/\/schema.org","@graph":[{"@type":"WebPage","@id":"https:\/\/armoniaspaensenada.com\/spa-policies\/","url":"https:\/\/armoniaspaensenada.com\/spa-policies\/","name":"Spa Policies | Armon\u00eda Valle Mobile Spa in Valle de Guadalupe","isPartOf":{"@id":"https:\/\/armoniaspaensenada.com\/#website"},"datePublished":"2025-11-15T08:24:55+00:00","dateModified":"2025-11-20T02:57:44+00:00","description":"Clear spa policies for booking, cancellations, payments, and wellness guidelines at Armon\u00eda Valle. Mobile spa services in Valle de Guadalupe.","breadcrumb":{"@id":"https:\/\/armoniaspaensenada.com\/spa-policies\/#breadcrumb"},"inLanguage":"es","potentialAction":[{"@type":"ReadAction","target":["https:\/\/armoniaspaensenada.com\/spa-policies\/"]}]},{"@type":"BreadcrumbList","@id":"https:\/\/armoniaspaensenada.com\/spa-policies\/#breadcrumb","itemListElement":[{"@type":"ListItem","position":1,"name":"Home","item":"https:\/\/armoniaspaensenada.com\/"},{"@type":"ListItem","position":2,"name":"Spa Policies"}]},{"@type":"WebSite","@id":"https:\/\/armoniaspaensenada.com\/#website","url":"https:\/\/armoniaspaensenada.com\/","name":"Armonia Valle Spa","description":"Harmony in Valle \u2014 Mobile Spa &amp; Massage","potentialAction":[{"@type":"SearchAction","target":{"@type":"EntryPoint","urlTemplate":"https:\/\/armoniaspaensenada.com\/?s={search_term_string}"},"query-input":{"@type":"PropertyValueSpecification","valueRequired":true,"valueName":"search_term_string"}}],"inLanguage":"es"}]}},"_links":{"self":[{"href":"https:\/\/armoniaspaensenada.com\/es\/wp-json\/wp\/v2\/pages\/375","targetHints":{"allow":["GET"]}}],"collection":[{"href":"https:\/\/armoniaspaensenada.com\/es\/wp-json\/wp\/v2\/pages"}],"about":[{"href":"https:\/\/armoniaspaensenada.com\/es\/wp-json\/wp\/v2\/types\/page"}],"author":[{"embeddable":true,"href":"https:\/\/armoniaspaensenada.com\/es\/wp-json\/wp\/v2\/users\/2"}],"replies":[{"embeddable":true,"href":"https:\/\/armoniaspaensenada.com\/es\/wp-json\/wp\/v2\/comments?post=375"}],"version-history":[{"count":13,"href":"https:\/\/armoniaspaensenada.com\/es\/wp-json\/wp\/v2\/pages\/375\/revisions"}],"predecessor-version":[{"id":435,"href":"https:\/\/armoniaspaensenada.com\/es\/wp-json\/wp\/v2\/pages\/375\/revisions\/435"}],"wp:attachment":[{"href":"https:\/\/armoniaspaensenada.com\/es\/wp-json\/wp\/v2\/media?parent=375"}],"curies":[{"name":"wp","href":"https:\/\/api.w.org\/{rel}","templated":true}]}}